{"id":216,"date":"2024-05-08T14:20:59","date_gmt":"2024-05-08T18:20:59","guid":{"rendered":"https:\/\/jfkelementary.swlauriersb.vortexdev.com\/our-school-about-us\/"},"modified":"2024-05-30T08:55:50","modified_gmt":"2024-05-30T12:55:50","slug":"notre-ecole-a-propos","status":"publish","type":"page","link":"https:\/\/jfkelementary.swlauriersb.vortexdev.com\/fr\/notre-ecole-a-propos\/","title":{"rendered":"Notre \u00e9cole \/ \u00e0 propos"},"content":{"rendered":"\n<h2 class=\"wp-block-heading\">Notre mission<\/h2>\n\n\n\n<p>Afin de pr\u00e9parer les \u00e9l\u00e8ves \u00e0 vivre et \u00e0 contribuer \u00e0 un monde en \u00e9volution et \u00e0 s\u2019engager dans un apprentissage actif et continu, l\u2019\u00e9cole primaire John-F.-Kennedy fournit un programme \u00e9quilibr\u00e9 con\u00e7u pour r\u00e9pondre aux besoins acad\u00e9miques, culturels et sociaux de nos \u00e9l\u00e8ves. Nous offrons une \u00e9ducation pour l\u2019enfant dans son ensemble, en mettant l\u2019accent sur le corps et l\u2019esprit, permettant \u00e0 chaque \u00e9l\u00e8ve d\u2019\u00eatre \u00e9quip\u00e9 pour leur exp\u00e9rience d\u2019apprentissage.<\/p>\n\n\n\n<h2 class=\"wp-block-heading\">Notre vision<\/h2>\n\n\n\n<p>Les \u00e9l\u00e8ves devraient \u00eatre encourag\u00e9s \u00e0 repousser les limites de leur imagination, \u00e0 viser l\u2019excellence personnelle et \u00e0 d\u00e9velopper les int\u00e9r\u00eats, les strat\u00e9gies et les comp\u00e9tences n\u00e9cessaires pour contribuer de mani\u00e8re positive et productive \u00e0 une soci\u00e9t\u00e9 mondiale en \u00e9volution.<\/p>\n","protected":false},"excerpt":{"rendered":"<p>Notre mission Afin de pr\u00e9parer les \u00e9l\u00e8ves \u00e0 vivre et \u00e0 contribuer \u00e0 un monde en \u00e9volution et \u00e0 s\u2019engager dans un apprentissage actif et continu, l\u2019\u00e9cole primaire John-F.-Kennedy fournit un programme \u00e9quilibr\u00e9 con\u00e7u pour r\u00e9pondre aux besoins acad\u00e9miques, culturels et sociaux de nos \u00e9l\u00e8ves. Nous offrons une \u00e9ducation pour l\u2019enfant dans son ensemble, en&hellip;<\/p>\n","protected":false},"author":1,"featured_media":0,"parent":0,"menu_order":0,"comment_status":"closed","ping_status":"closed","template":"","meta":{"_acf_changed":false,"_relevanssi_hide_post":"","_relevanssi_hide_content":"","_relevanssi_pin_for_all":"","_relevanssi_pin_keywords":"","_relevanssi_unpin_keywords":"","_relevanssi_related_keywords":"","_relevanssi_related_include_ids":"","_relevanssi_related_exclude_ids":"","_relevanssi_related_no_append":"","_relevanssi_related_not_related":"","_relevanssi_related_posts":"","_relevanssi_noindex_reason":"","footnotes":""},"acf":[],"_links":{"self":[{"href":"https:\/\/jfkelementary.swlauriersb.vortexdev.com\/fr\/wp-json\/wp\/v2\/pages\/216"}],"collection":[{"href":"https:\/\/jfkelementary.swlauriersb.vortexdev.com\/fr\/wp-json\/wp\/v2\/pages"}],"about":[{"href":"https:\/\/jfkelementary.swlauriersb.vortexdev.com\/fr\/wp-json\/wp\/v2\/types\/page"}],"author":[{"embeddable":true,"href":"https:\/\/jfkelementary.swlauriersb.vortexdev.com\/fr\/wp-json\/wp\/v2\/users\/1"}],"replies":[{"embeddable":true,"href":"https:\/\/jfkelementary.swlauriersb.vortexdev.com\/fr\/wp-json\/wp\/v2\/comments?post=216"}],"version-history":[{"count":1,"href":"https:\/\/jfkelementary.swlauriersb.vortexdev.com\/fr\/wp-json\/wp\/v2\/pages\/216\/revisions"}],"predecessor-version":[{"id":294,"href":"https:\/\/jfkelementary.swlauriersb.vortexdev.com\/fr\/wp-json\/wp\/v2\/pages\/216\/revisions\/294"}],"wp:attachment":[{"href":"https:\/\/jfkelementary.swlauriersb.vortexdev.com\/fr\/wp-json\/wp\/v2\/media?parent=216"}],"curies":[{"name":"wp","href":"https:\/\/api.w.org\/{rel}","templated":true}]}}