{"id":218,"date":"2024-05-08T14:21:24","date_gmt":"2024-05-08T18:21:24","guid":{"rendered":"https:\/\/jfkelementary.swlauriersb.vortexdev.com\/our-school-about-us\/principals-message\/"},"modified":"2024-05-30T08:56:00","modified_gmt":"2024-05-30T12:56:00","slug":"message-de-la-direction","status":"publish","type":"page","link":"https:\/\/jfkelementary.swlauriersb.vortexdev.com\/fr\/notre-ecole-a-propos\/message-de-la-direction\/","title":{"rendered":"Message de la direction"},"content":{"rendered":"\n<p>Bienvenue sur le site de l\u2019\u00e9cole primaire John-F.-Kennedy. Chaque ann\u00e9e scolaire est remplie de nombreuses occasions pour nous d\u2019apprendre et de grandir ensemble, et nous voulons nous assurer que ces exp\u00e9riences soient les meilleures possibles pour vous et vos enfants.<\/p>\n\n\n\n<p>\u00c0 JFK, nous visons \u00e0 r\u00e9aliser le potentiel de chaque enfant en&nbsp;:<\/p>\n\n\n\n<ul>\n<li>Construisant une culture scolaire relationnelle gr\u00e2ce \u00e0 la mise en \u0153uvre de pratiques significatives, conscientes et positives qui cultivent des relations saines et fournissent des conseils pragmatiques pour comprendre et g\u00e9rer les conflits.<\/li>\n\n\n\n<li>offrant un milieu d\u2019apprentissage stimulant o\u00f9 l\u2019honn\u00eatet\u00e9 et le respect sont valoris\u00e9s et o\u00f9 les diff\u00e9rences sont c\u00e9l\u00e9br\u00e9es; veiller \u00e0 ce que chaque enfant ait la possibilit\u00e9 de faire une diff\u00e9rence dans la vie des autres.<\/li>\n\n\n\n<li>inculquant un sentiment de responsabilit\u00e9 et d\u2019imputabilit\u00e9 aux \u00e9l\u00e8ves en leur fournissant les strat\u00e9gies et les outils n\u00e9cessaires pour prendre en charge leur apprentissage, en d\u00e9veloppant les comp\u00e9tences n\u00e9cessaires pour qu\u2019ils deviennent des apprenants tout au long de la vie.<\/li>\n<\/ul>\n\n\n\n<p>Gr\u00e2ce \u00e0 la mise en \u0153uvre d\u2019initiatives de mouvement innovantes, les \u00e9l\u00e8ves sont encourag\u00e9s \u00e0 s\u2019engager dans leur apprentissage dans un environnement cibl\u00e9 et flexible.<\/p>\n\n\n\n<p>Fournir un climat scolaire s\u00fbr et confiant qui encourage la collaboration et favorise la d\u00e9couverte et le d\u00e9veloppement de l\u2019identit\u00e9 unique et de l\u2019image de soi positive de chaque enfant.<\/p>\n\n\n\n<p>Offrir un programme scolaire inclusif, \u00e9quilibr\u00e9 et vari\u00e9 qui maintient des attentes acad\u00e9miques \u00e9lev\u00e9es tout en encourageant les \u00e9l\u00e8ves \u00e0 atteindre leur potentiel individuel maximum.<\/p>\n\n\n\n<p>\u00c0 l\u2019approche de l\u2019ann\u00e9e scolaire 2023-2024, le personnel continuera de mettre l\u2019accent sur l\u2019am\u00e9lioration de l\u2019apprentissage pour tous les \u00e9l\u00e8ves gr\u00e2ce \u00e0 la collaboration, \u00e0 des programmes harmonis\u00e9s, \u00e0 la collecte de donn\u00e9es et \u00e0 l\u2019\u00e9valuation.<\/p>\n\n\n\n<p>En tant que communaut\u00e9 de l\u2019\u00e9cole primaire John F. Kennedy, nous consid\u00e9rons les parents comme un partenaire essentiel dans la construction d\u2019une voie de r\u00e9ussite positive pour nos \u00e9l\u00e8ves. Il faut vraiment un village! L\u2019\u00e9ducation est une coentreprise et nous appr\u00e9cions grandement le soutien que vous offrez \u00e0 nos enfants \u00e0 la maison et \u00e0 l\u2019\u00e9cole pour les aider \u00e0 atteindre leurs objectifs d\u2019apprentissage personnels.<\/p>\n\n\n\n<p>Le but de ce site est de partager des informations importantes sur JFK. En plus de ce site Web, notre manuel, notre calendrier et nos bulletins mensuels fournissent plus d\u2019informations sur notre \u00e9cole et nos programmes. N\u2019h\u00e9sitez pas \u00e0 communiquer avec nous si vous avez des questions concernant notre \u00e9cole et ses programmes et politiques.<\/p>\n\n\n\n<p>Merci pour votre partenariat dans l\u2019\u00e9ducation de votre enfant,<\/p>\n\n\n\n<p><strong>Mme Sonia Busnardo<\/strong><\/p>\n","protected":false},"excerpt":{"rendered":"<p>Bienvenue sur le site de l\u2019\u00e9cole primaire John-F.-Kennedy. Chaque ann\u00e9e scolaire est remplie de nombreuses occasions pour nous d\u2019apprendre et de grandir ensemble, et nous voulons nous assurer que ces exp\u00e9riences soient les meilleures possibles pour vous et vos enfants. \u00c0 JFK, nous visons \u00e0 r\u00e9aliser le potentiel de chaque enfant en&nbsp;: Gr\u00e2ce \u00e0 la&hellip;<\/p>\n","protected":false},"author":1,"featured_media":0,"parent":216,"menu_order":0,"comment_status":"closed","ping_status":"closed","template":"","meta":{"_acf_changed":false,"_relevanssi_hide_post":"","_relevanssi_hide_content":"","_relevanssi_pin_for_all":"","_relevanssi_pin_keywords":"","_relevanssi_unpin_keywords":"","_relevanssi_related_keywords":"","_relevanssi_related_include_ids":"","_relevanssi_related_exclude_ids":"","_relevanssi_related_no_append":"","_relevanssi_related_not_related":"","_relevanssi_related_posts":"","_relevanssi_noindex_reason":"","footnotes":""},"acf":[],"_links":{"self":[{"href":"https:\/\/jfkelementary.swlauriersb.vortexdev.com\/fr\/wp-json\/wp\/v2\/pages\/218"}],"collection":[{"href":"https:\/\/jfkelementary.swlauriersb.vortexdev.com\/fr\/wp-json\/wp\/v2\/pages"}],"about":[{"href":"https:\/\/jfkelementary.swlauriersb.vortexdev.com\/fr\/wp-json\/wp\/v2\/types\/page"}],"author":[{"embeddable":true,"href":"https:\/\/jfkelementary.swlauriersb.vortexdev.com\/fr\/wp-json\/wp\/v2\/users\/1"}],"replies":[{"embeddable":true,"href":"https:\/\/jfkelementary.swlauriersb.vortexdev.com\/fr\/wp-json\/wp\/v2\/comments?post=218"}],"version-history":[{"count":1,"href":"https:\/\/jfkelementary.swlauriersb.vortexdev.com\/fr\/wp-json\/wp\/v2\/pages\/218\/revisions"}],"predecessor-version":[{"id":295,"href":"https:\/\/jfkelementary.swlauriersb.vortexdev.com\/fr\/wp-json\/wp\/v2\/pages\/218\/revisions\/295"}],"up":[{"embeddable":true,"href":"https:\/\/jfkelementary.swlauriersb.vortexdev.com\/fr\/wp-json\/wp\/v2\/pages\/216"}],"wp:attachment":[{"href":"https:\/\/jfkelementary.swlauriersb.vortexdev.com\/fr\/wp-json\/wp\/v2\/media?parent=218"}],"curies":[{"name":"wp","href":"https:\/\/api.w.org\/{rel}","templated":true}]}}